{"id":1928,"date":"2024-04-05T15:35:50","date_gmt":"2024-04-05T15:35:50","guid":{"rendered":"https:\/\/staging.villaggiodeicrodini.it\/ou-nous-sommes\/"},"modified":"2024-04-17T16:53:26","modified_gmt":"2024-04-17T16:53:26","slug":"ou-nous-sommes","status":"publish","type":"page","link":"https:\/\/staging.villaggiodeicrodini.it\/fr\/ou-nous-sommes\/","title":{"rendered":"O\u00f9 nous sommes"},"content":{"rendered":"\t\t<div data-elementor-type=\"wp-page\" data-elementor-id=\"1928\" class=\"elementor elementor-1928 elementor-512\" data-elementor-post-type=\"page\">\n\t\t\t\t<div class=\"elementor-element elementor-element-b36c606 e-con-full e-flex e-con e-parent\" data-id=\"b36c606\" data-element_type=\"container\" data-e-type=\"container\">\n\t\t<div class=\"elementor-element elementor-element-5ffaa2b e-con-full e-flex e-con e-child\" data-id=\"5ffaa2b\" data-element_type=\"container\" data-e-type=\"container\">\n\t\t<div class=\"elementor-element elementor-element-b51d1eb e-con-full e-flex e-con e-child\" data-id=\"b51d1eb\" data-element_type=\"container\" data-e-type=\"container\" data-settings=\"{&quot;background_background&quot;:&quot;slideshow&quot;,&quot;background_slideshow_gallery&quot;:[{&quot;id&quot;:1072,&quot;url&quot;:&quot;https:\\\/\\\/staging.villaggiodeicrodini.it\\\/wp-content\\\/uploads\\\/2024\\\/04\\\/efe1mu7emru8wdwfsek9.jpg&quot;}],&quot;background_slideshow_loop&quot;:&quot;yes&quot;,&quot;background_slideshow_slide_duration&quot;:5000,&quot;background_slideshow_slide_transition&quot;:&quot;fade&quot;,&quot;background_slideshow_transition_duration&quot;:500}\">\n\t\t\t\t<\/div>\n\t\t<div class=\"elementor-element elementor-element-b06db6b e-flex e-con-boxed e-con e-child\" data-id=\"b06db6b\" data-element_type=\"container\" data-e-type=\"container\">\n\t\t\t\t\t<div class=\"e-con-inner\">\n\t\t\t\t<div class=\"elementor-element elementor-element-2fb6485 elementor-widget elementor-widget-heading\" data-id=\"2fb6485\" data-element_type=\"widget\" data-e-type=\"widget\" data-widget_type=\"heading.default\">\n\t\t\t\t<div class=\"elementor-widget-container\">\n\t\t\t\t\t<h2 class=\"elementor-heading-title elementor-size-default\">Facile d'acc\u00e8s<\/h2>\t\t\t\t<\/div>\n\t\t\t\t<\/div>\n\t\t\t\t<div class=\"elementor-element elementor-element-daa6e48 elementor-widget elementor-widget-text-editor\" data-id=\"daa6e48\" data-element_type=\"widget\" data-e-type=\"widget\" data-widget_type=\"text-editor.default\">\n\t\t\t\t<div class=\"elementor-widget-container\">\n\t\t\t\t\t\t\t\t\t<p>Le village de Crodini est facilement accessible depuis Milan et les provinces voisines : prendre l&rsquo;autoroute Milano Laghi, en direction du lac Majeur et continuer en direction de Domodossola, puis prendre la sortie pour Crodo. En provenance de l&rsquo;Europe, passer le col du Simplon et prendre la sortie pour Crodo. Apr\u00e8s la sortie de Crodo, continuer en direction de Premia, apr\u00e8s la pharmacie sur la droite, prendre la route de Crego et de l\u00e0, continuer en direction de l&rsquo;Alpe Aleccio, une fois arriv\u00e9 \u00e0 la jonction avec Maglioggio, vous \u00eates arriv\u00e9 \u00e0 destination. <\/p>\n\t\t\t\t\t\t\t\t<\/div>\n\t\t\t\t<\/div>\n\t\t\t\t\t<\/div>\n\t\t\t\t<\/div>\n\t\t\t\t<\/div>\n\t\t\t\t<\/div>\n\t\t<div class=\"elementor-element elementor-element-410e58f e-flex e-con-boxed e-con e-parent\" data-id=\"410e58f\" data-element_type=\"container\" data-e-type=\"container\">\n\t\t\t\t\t<div class=\"e-con-inner\">\n\t\t<div class=\"elementor-element elementor-element-72b8763 e-con-full e-flex e-con e-child\" data-id=\"72b8763\" data-element_type=\"container\" data-e-type=\"container\">\n\t\t<div class=\"elementor-element elementor-element-56293c3 e-con-full e-flex e-con e-child\" data-id=\"56293c3\" data-element_type=\"container\" data-e-type=\"container\">\n\t\t<div class=\"elementor-element elementor-element-47428cc e-con-full e-flex e-con e-child\" data-id=\"47428cc\" data-element_type=\"container\" data-e-type=\"container\">\n\t\t\t\t<div class=\"elementor-element elementor-element-e682ade elementor-widget-tablet__width-inherit elementor-widget elementor-widget-image\" data-id=\"e682ade\" data-element_type=\"widget\" data-e-type=\"widget\" data-widget_type=\"image.default\">\n\t\t\t\t<div class=\"elementor-widget-container\">\n\t\t\t\t\t\t\t\t\t\t\t\t\t\t\t<img fetchpriority=\"high\" decoding=\"async\" width=\"768\" height=\"512\" src=\"https:\/\/staging.villaggiodeicrodini.it\/wp-content\/uploads\/2024\/04\/stogmoibn3jknnn8rt7t.webp\" class=\"attachment-full size-full wp-image-1077\" alt=\"\" srcset=\"https:\/\/staging.villaggiodeicrodini.it\/wp-content\/uploads\/2024\/04\/stogmoibn3jknnn8rt7t.webp 768w, https:\/\/staging.villaggiodeicrodini.it\/wp-content\/uploads\/2024\/04\/stogmoibn3jknnn8rt7t-300x200.webp 300w, https:\/\/staging.villaggiodeicrodini.it\/wp-content\/uploads\/2024\/04\/stogmoibn3jknnn8rt7t-600x400.webp 600w\" sizes=\"(max-width: 768px) 100vw, 768px\" \/>\t\t\t\t\t\t\t\t\t\t\t\t\t\t\t<\/div>\n\t\t\t\t<\/div>\n\t\t\t\t<\/div>\n\t\t<div class=\"elementor-element elementor-element-2928591 e-con-full e-flex e-con e-child\" data-id=\"2928591\" data-element_type=\"container\" data-e-type=\"container\">\n\t\t\t\t<div class=\"elementor-element elementor-element-47bfed1 elementor-widget elementor-widget-heading\" data-id=\"47bfed1\" data-element_type=\"widget\" data-e-type=\"widget\" data-widget_type=\"heading.default\">\n\t\t\t\t<div class=\"elementor-widget-container\">\n\t\t\t\t\t<h2 class=\"elementor-heading-title elementor-size-default\">En train<\/h2>\t\t\t\t<\/div>\n\t\t\t\t<\/div>\n\t\t\t\t<div class=\"elementor-element elementor-element-006b7ed elementor-widget elementor-widget-text-editor\" data-id=\"006b7ed\" data-element_type=\"widget\" data-e-type=\"widget\" data-widget_type=\"text-editor.default\">\n\t\t\t\t<div class=\"elementor-widget-container\">\n\t\t\t\t\t\t\t\t\t<div class=\"j-block-text style__text rooms-model-4__short-description\">\n<div class=\"j-block-text style__text\">\u00c0 la gare de Domodossola, sur le parvis, vous trouverez le bus pour Crodo et Premia. \u00c0 Premia, descendez \u00e0 l&rsquo;arr\u00eat devant l&rsquo;h\u00f4tel Minoli et suivez la route \u00e0 pied jusqu&rsquo;\u00e0 Crego, puis continuez jusqu&rsquo;au village (temps de marche d&rsquo;environ une heure).<\/div>\n<\/div>\n\t\t\t\t\t\t\t\t<\/div>\n\t\t\t\t<\/div>\n\t\t\t\t<\/div>\n\t\t\t\t<\/div>\n\t\t\t\t<\/div>\n\t\t\t\t\t<\/div>\n\t\t\t\t<\/div>\n\t\t<div class=\"elementor-element elementor-element-48810be e-flex e-con-boxed e-con e-parent\" data-id=\"48810be\" data-element_type=\"container\" data-e-type=\"container\">\n\t\t\t\t\t<div class=\"e-con-inner\">\n\t\t<div class=\"elementor-element elementor-element-aea204f e-con-full e-flex e-con e-child\" data-id=\"aea204f\" data-element_type=\"container\" data-e-type=\"container\">\n\t\t<div class=\"elementor-element elementor-element-2319ff8 e-con-full e-flex e-con e-child\" data-id=\"2319ff8\" data-element_type=\"container\" data-e-type=\"container\">\n\t\t<div class=\"elementor-element elementor-element-27fb5c8 e-con-full e-flex e-con e-child\" data-id=\"27fb5c8\" data-element_type=\"container\" data-e-type=\"container\">\n\t\t\t\t<div class=\"elementor-element elementor-element-a24b0b0 elementor-widget elementor-widget-heading\" data-id=\"a24b0b0\" data-element_type=\"widget\" data-e-type=\"widget\" data-widget_type=\"heading.default\">\n\t\t\t\t<div class=\"elementor-widget-container\">\n\t\t\t\t\t<h2 class=\"elementor-heading-title elementor-size-default\">En voiture<\/h2>\t\t\t\t<\/div>\n\t\t\t\t<\/div>\n\t\t\t\t<div class=\"elementor-element elementor-element-7a19c5f elementor-widget elementor-widget-text-editor\" data-id=\"7a19c5f\" data-element_type=\"widget\" data-e-type=\"widget\" data-widget_type=\"text-editor.default\">\n\t\t\t\t<div class=\"elementor-widget-container\">\n\t\t\t\t\t\t\t\t\t<div class=\"j-block-text style__text rooms-model-4__short-description\">\n<p style=\"text-align: center;\">Une fois sur la super route du Simplon, sortir \u00e0 la sortie pour Crodo, continuer jusqu&rsquo;\u00e0 Premia et juste apr\u00e8s la pharmacie tourner \u00e0 droite pour le hameau de Crego, de l\u00e0 suivre pour Alpe Aleccio, \u00e0 la barri\u00e8re suivre la route goudronn\u00e9e jusqu&rsquo;\u00e0 la bifurcation pour Maglioggio o\u00f9 se trouve le village.<\/p>\n<\/div>\n\t\t\t\t\t\t\t\t<\/div>\n\t\t\t\t<\/div>\n\t\t\t\t<\/div>\n\t\t<div class=\"elementor-element elementor-element-1a64432 e-con-full e-flex e-con e-child\" data-id=\"1a64432\" data-element_type=\"container\" data-e-type=\"container\">\n\t\t\t\t<div class=\"elementor-element elementor-element-27ef523 elementor-widget-tablet__width-inherit elementor-widget elementor-widget-image\" data-id=\"27ef523\" data-element_type=\"widget\" data-e-type=\"widget\" data-widget_type=\"image.default\">\n\t\t\t\t<div class=\"elementor-widget-container\">\n\t\t\t\t\t\t\t\t\t\t\t\t\t\t\t<img decoding=\"async\" width=\"768\" height=\"512\" src=\"https:\/\/staging.villaggiodeicrodini.it\/wp-content\/uploads\/2024\/04\/sdigtjbmuu5o59ewbam3.webp\" class=\"attachment-full size-full wp-image-1078\" alt=\"\" srcset=\"https:\/\/staging.villaggiodeicrodini.it\/wp-content\/uploads\/2024\/04\/sdigtjbmuu5o59ewbam3.webp 768w, https:\/\/staging.villaggiodeicrodini.it\/wp-content\/uploads\/2024\/04\/sdigtjbmuu5o59ewbam3-300x200.webp 300w, https:\/\/staging.villaggiodeicrodini.it\/wp-content\/uploads\/2024\/04\/sdigtjbmuu5o59ewbam3-600x400.webp 600w\" sizes=\"(max-width: 768px) 100vw, 768px\" \/>\t\t\t\t\t\t\t\t\t\t\t\t\t\t\t<\/div>\n\t\t\t\t<\/div>\n\t\t\t\t<\/div>\n\t\t\t\t<\/div>\n\t\t\t\t<\/div>\n\t\t\t\t\t<\/div>\n\t\t\t\t<\/div>\n\t\t<div class=\"elementor-element elementor-element-2cfb6b9 e-flex e-con-boxed e-con e-parent\" data-id=\"2cfb6b9\" data-element_type=\"container\" data-e-type=\"container\">\n\t\t\t\t\t<div class=\"e-con-inner\">\n\t\t<div class=\"elementor-element elementor-element-a70d3fd e-con-full e-flex e-con e-child\" data-id=\"a70d3fd\" data-element_type=\"container\" data-e-type=\"container\">\n\t\t<div class=\"elementor-element elementor-element-520329b e-con-full e-flex e-con e-child\" data-id=\"520329b\" data-element_type=\"container\" data-e-type=\"container\">\n\t\t<div class=\"elementor-element elementor-element-5a98414 e-con-full e-flex e-con e-child\" data-id=\"5a98414\" data-element_type=\"container\" data-e-type=\"container\">\n\t\t\t\t<div class=\"elementor-element elementor-element-ba7a9d7 elementor-widget-tablet__width-inherit elementor-widget elementor-widget-image\" data-id=\"ba7a9d7\" data-element_type=\"widget\" data-e-type=\"widget\" data-widget_type=\"image.default\">\n\t\t\t\t<div class=\"elementor-widget-container\">\n\t\t\t\t\t\t\t\t\t\t\t\t\t\t\t<img decoding=\"async\" width=\"768\" height=\"510\" src=\"https:\/\/staging.villaggiodeicrodini.it\/wp-content\/uploads\/2024\/04\/nqrgd8ue6agjhurrexoz.webp\" class=\"attachment-full size-full wp-image-1079\" alt=\"\" srcset=\"https:\/\/staging.villaggiodeicrodini.it\/wp-content\/uploads\/2024\/04\/nqrgd8ue6agjhurrexoz.webp 768w, https:\/\/staging.villaggiodeicrodini.it\/wp-content\/uploads\/2024\/04\/nqrgd8ue6agjhurrexoz-300x199.webp 300w, https:\/\/staging.villaggiodeicrodini.it\/wp-content\/uploads\/2024\/04\/nqrgd8ue6agjhurrexoz-600x398.webp 600w\" sizes=\"(max-width: 768px) 100vw, 768px\" \/>\t\t\t\t\t\t\t\t\t\t\t\t\t\t\t<\/div>\n\t\t\t\t<\/div>\n\t\t\t\t<\/div>\n\t\t<div class=\"elementor-element elementor-element-224619a e-con-full e-flex e-con e-child\" data-id=\"224619a\" data-element_type=\"container\" data-e-type=\"container\">\n\t\t\t\t<div class=\"elementor-element elementor-element-a5b0cba elementor-widget elementor-widget-heading\" data-id=\"a5b0cba\" data-element_type=\"widget\" data-e-type=\"widget\" data-widget_type=\"heading.default\">\n\t\t\t\t<div class=\"elementor-widget-container\">\n\t\t\t\t\t<h2 class=\"elementor-heading-title elementor-size-default\">Cyclisme<\/h2>\t\t\t\t<\/div>\n\t\t\t\t<\/div>\n\t\t\t\t<div class=\"elementor-element elementor-element-5c8e0bb elementor-widget elementor-widget-text-editor\" data-id=\"5c8e0bb\" data-element_type=\"widget\" data-e-type=\"widget\" data-widget_type=\"text-editor.default\">\n\t\t\t\t<div class=\"elementor-widget-container\">\n\t\t\t\t\t\t\t\t\t<div class=\"j-block-text style__text rooms-model-4__short-description\">\n<p style=\"text-align: center;\">En arrivant \u00e0 Crodo, on peut choisir de monter depuis le hameau de Maglioggio, avec une mont\u00e9e tr\u00e8s raide, jusqu&rsquo;\u00e0 la jonction avec Crego, ou bien de continuer jusqu&rsquo;\u00e0 Premia et de l\u00e0, en prenant la route de Crego, de continuer jusqu&rsquo;\u00e0 la jonction de Maglioggio o\u00f9 se trouve le village.<\/p>\n<\/div>\n\t\t\t\t\t\t\t\t<\/div>\n\t\t\t\t<\/div>\n\t\t\t\t<\/div>\n\t\t\t\t<\/div>\n\t\t\t\t<\/div>\n\t\t\t\t\t<\/div>\n\t\t\t\t<\/div>\n\t\t<div class=\"elementor-element elementor-element-fbbc9b0 e-con-full e-flex e-con e-parent\" data-id=\"fbbc9b0\" data-element_type=\"container\" data-e-type=\"container\">\n\t\t\t\t<div class=\"elementor-element elementor-element-091d32f elementor-widget elementor-widget-google_maps\" data-id=\"091d32f\" data-element_type=\"widget\" data-e-type=\"widget\" data-widget_type=\"google_maps.default\">\n\t\t\t\t<div class=\"elementor-widget-container\">\n\t\t\t\t\t\t\t<div class=\"elementor-custom-embed\">\n\t\t\t<iframe loading=\"lazy\"\n\t\t\t\t\tsrc=\"https:\/\/maps.google.com\/maps?q=Arvenolo%20%2028862%20-%20Crodo%20%28VB%29&#038;t=m&#038;z=14&#038;output=embed&#038;iwloc=near\"\n\t\t\t\t\ttitle=\"Arvenolo  28862 - Crodo (VB)\"\n\t\t\t\t\taria-label=\"Arvenolo  28862 - Crodo (VB)\"\n\t\t\t><\/iframe>\n\t\t<\/div>\n\t\t\t\t\t\t<\/div>\n\t\t\t\t<\/div>\n\t\t\t\t<\/div>\n\t\t\t\t<\/div>\n\t\t","protected":false},"excerpt":{"rendered":"<p>Facile d&rsquo;acc\u00e8s Le village de Crodini est facilement accessible depuis Milan et les provinces voisines : prendre l&rsquo;autoroute Milano Laghi, en direction du lac Majeur et continuer en direction de Domodossola, puis prendre la sortie pour Crodo. En provenance de l&rsquo;Europe, passer le col du Simplon et prendre la sortie pour Crodo. Apr\u00e8s la sortie [&hellip;]<\/p>\n","protected":false},"author":1,"featured_media":0,"parent":0,"menu_order":0,"comment_status":"closed","ping_status":"closed","template":"","meta":{"footnotes":""},"class_list":["post-1928","page","type-page","status-publish","hentry"],"_links":{"self":[{"href":"https:\/\/staging.villaggiodeicrodini.it\/fr\/wp-json\/wp\/v2\/pages\/1928","targetHints":{"allow":["GET"]}}],"collection":[{"href":"https:\/\/staging.villaggiodeicrodini.it\/fr\/wp-json\/wp\/v2\/pages"}],"about":[{"href":"https:\/\/staging.villaggiodeicrodini.it\/fr\/wp-json\/wp\/v2\/types\/page"}],"author":[{"embeddable":true,"href":"https:\/\/staging.villaggiodeicrodini.it\/fr\/wp-json\/wp\/v2\/users\/1"}],"replies":[{"embeddable":true,"href":"https:\/\/staging.villaggiodeicrodini.it\/fr\/wp-json\/wp\/v2\/comments?post=1928"}],"version-history":[{"count":5,"href":"https:\/\/staging.villaggiodeicrodini.it\/fr\/wp-json\/wp\/v2\/pages\/1928\/revisions"}],"predecessor-version":[{"id":3102,"href":"https:\/\/staging.villaggiodeicrodini.it\/fr\/wp-json\/wp\/v2\/pages\/1928\/revisions\/3102"}],"wp:attachment":[{"href":"https:\/\/staging.villaggiodeicrodini.it\/fr\/wp-json\/wp\/v2\/media?parent=1928"}],"curies":[{"name":"wp","href":"https:\/\/api.w.org\/{rel}","templated":true}]}}