{"id":1930,"date":"2024-04-05T15:35:50","date_gmt":"2024-04-05T15:35:50","guid":{"rendered":"https:\/\/staging.villaggiodeicrodini.it\/wo-wir-sind\/"},"modified":"2024-04-17T16:53:26","modified_gmt":"2024-04-17T16:53:26","slug":"wo-wir-sind","status":"publish","type":"page","link":"https:\/\/staging.villaggiodeicrodini.it\/de\/wo-wir-sind\/","title":{"rendered":"Wo wir sind"},"content":{"rendered":"\t\t<div data-elementor-type=\"wp-page\" data-elementor-id=\"1930\" class=\"elementor elementor-1930 elementor-512\" data-elementor-post-type=\"page\">\n\t\t\t\t<div class=\"elementor-element elementor-element-b36c606 e-con-full e-flex e-con e-parent\" data-id=\"b36c606\" data-element_type=\"container\" data-e-type=\"container\">\n\t\t<div class=\"elementor-element elementor-element-5ffaa2b e-con-full e-flex e-con e-child\" data-id=\"5ffaa2b\" data-element_type=\"container\" data-e-type=\"container\">\n\t\t<div class=\"elementor-element elementor-element-b51d1eb e-con-full e-flex e-con e-child\" data-id=\"b51d1eb\" data-element_type=\"container\" data-e-type=\"container\" data-settings=\"{&quot;background_background&quot;:&quot;slideshow&quot;,&quot;background_slideshow_gallery&quot;:[{&quot;id&quot;:1072,&quot;url&quot;:&quot;https:\\\/\\\/staging.villaggiodeicrodini.it\\\/wp-content\\\/uploads\\\/2024\\\/04\\\/efe1mu7emru8wdwfsek9.jpg&quot;}],&quot;background_slideshow_loop&quot;:&quot;yes&quot;,&quot;background_slideshow_slide_duration&quot;:5000,&quot;background_slideshow_slide_transition&quot;:&quot;fade&quot;,&quot;background_slideshow_transition_duration&quot;:500}\">\n\t\t\t\t<\/div>\n\t\t<div class=\"elementor-element elementor-element-b06db6b e-flex e-con-boxed e-con e-child\" data-id=\"b06db6b\" data-element_type=\"container\" data-e-type=\"container\">\n\t\t\t\t\t<div class=\"e-con-inner\">\n\t\t\t\t<div class=\"elementor-element elementor-element-2fb6485 elementor-widget elementor-widget-heading\" data-id=\"2fb6485\" data-element_type=\"widget\" data-e-type=\"widget\" data-widget_type=\"heading.default\">\n\t\t\t\t<div class=\"elementor-widget-container\">\n\t\t\t\t\t<h2 class=\"elementor-heading-title elementor-size-default\">Leicht zu erreichen<\/h2>\t\t\t\t<\/div>\n\t\t\t\t<\/div>\n\t\t\t\t<div class=\"elementor-element elementor-element-daa6e48 elementor-widget elementor-widget-text-editor\" data-id=\"daa6e48\" data-element_type=\"widget\" data-e-type=\"widget\" data-widget_type=\"text-editor.default\">\n\t\t\t\t<div class=\"elementor-widget-container\">\n\t\t\t\t\t\t\t\t\t<p>Das Dorf Crodini ist von Mailand und den angrenzenden Provinzen aus leicht zu erreichen: Nehmen Sie die Autobahn Milano Laghi in Richtung Lago Maggiore und fahren Sie weiter in Richtung Domodossola, wo Sie die Ausfahrt Crodo nehmen. Von Europa aus fahren Sie \u00fcber den Simplonpass und nehmen die Ausfahrt nach Crodo. Nach der Ausfahrt Crodo fahren Sie weiter nach Premia, nach der Apotheke auf der rechten Seite nehmen Sie die Stra\u00dfe nach Crego und fahren von hier aus weiter in Richtung Alpe Aleccio, wenn Sie die Kreuzung mit Maglioggio erreichen, haben Sie Ihr Ziel erreicht. <\/p>\n\t\t\t\t\t\t\t\t<\/div>\n\t\t\t\t<\/div>\n\t\t\t\t\t<\/div>\n\t\t\t\t<\/div>\n\t\t\t\t<\/div>\n\t\t\t\t<\/div>\n\t\t<div class=\"elementor-element elementor-element-410e58f e-flex e-con-boxed e-con e-parent\" data-id=\"410e58f\" data-element_type=\"container\" data-e-type=\"container\">\n\t\t\t\t\t<div class=\"e-con-inner\">\n\t\t<div class=\"elementor-element elementor-element-72b8763 e-con-full e-flex e-con e-child\" data-id=\"72b8763\" data-element_type=\"container\" data-e-type=\"container\">\n\t\t<div class=\"elementor-element elementor-element-56293c3 e-con-full e-flex e-con e-child\" data-id=\"56293c3\" data-element_type=\"container\" data-e-type=\"container\">\n\t\t<div class=\"elementor-element elementor-element-47428cc e-con-full e-flex e-con e-child\" data-id=\"47428cc\" data-element_type=\"container\" data-e-type=\"container\">\n\t\t\t\t<div class=\"elementor-element elementor-element-e682ade elementor-widget-tablet__width-inherit elementor-widget elementor-widget-image\" data-id=\"e682ade\" data-element_type=\"widget\" data-e-type=\"widget\" data-widget_type=\"image.default\">\n\t\t\t\t<div class=\"elementor-widget-container\">\n\t\t\t\t\t\t\t\t\t\t\t\t\t\t\t<img fetchpriority=\"high\" decoding=\"async\" width=\"768\" height=\"512\" src=\"https:\/\/staging.villaggiodeicrodini.it\/wp-content\/uploads\/2024\/04\/stogmoibn3jknnn8rt7t.webp\" class=\"attachment-full size-full wp-image-1077\" alt=\"\" srcset=\"https:\/\/staging.villaggiodeicrodini.it\/wp-content\/uploads\/2024\/04\/stogmoibn3jknnn8rt7t.webp 768w, https:\/\/staging.villaggiodeicrodini.it\/wp-content\/uploads\/2024\/04\/stogmoibn3jknnn8rt7t-300x200.webp 300w, https:\/\/staging.villaggiodeicrodini.it\/wp-content\/uploads\/2024\/04\/stogmoibn3jknnn8rt7t-600x400.webp 600w\" sizes=\"(max-width: 768px) 100vw, 768px\" \/>\t\t\t\t\t\t\t\t\t\t\t\t\t\t\t<\/div>\n\t\t\t\t<\/div>\n\t\t\t\t<\/div>\n\t\t<div class=\"elementor-element elementor-element-2928591 e-con-full e-flex e-con e-child\" data-id=\"2928591\" data-element_type=\"container\" data-e-type=\"container\">\n\t\t\t\t<div class=\"elementor-element elementor-element-47bfed1 elementor-widget elementor-widget-heading\" data-id=\"47bfed1\" data-element_type=\"widget\" data-e-type=\"widget\" data-widget_type=\"heading.default\">\n\t\t\t\t<div class=\"elementor-widget-container\">\n\t\t\t\t\t<h2 class=\"elementor-heading-title elementor-size-default\">Mit dem Zug<\/h2>\t\t\t\t<\/div>\n\t\t\t\t<\/div>\n\t\t\t\t<div class=\"elementor-element elementor-element-006b7ed elementor-widget elementor-widget-text-editor\" data-id=\"006b7ed\" data-element_type=\"widget\" data-e-type=\"widget\" data-widget_type=\"text-editor.default\">\n\t\t\t\t<div class=\"elementor-widget-container\">\n\t\t\t\t\t\t\t\t\t<div class=\"j-block-text style__text rooms-model-4__short-description\">\n<div class=\"j-block-text style__text\">Am Bahnhof von Domodossola finden Sie auf dem Vorplatz den Bus, der nach Crodo und Premia f\u00e4hrt. In Premia steigen Sie an der Haltestelle vor dem Hotel Minoli aus und folgen der Stra\u00dfe zu Fu\u00df nach Crego und von dort aus weiter zum Dorf (Gehzeit etwa eine Stunde).<\/div>\n<\/div>\n\t\t\t\t\t\t\t\t<\/div>\n\t\t\t\t<\/div>\n\t\t\t\t<\/div>\n\t\t\t\t<\/div>\n\t\t\t\t<\/div>\n\t\t\t\t\t<\/div>\n\t\t\t\t<\/div>\n\t\t<div class=\"elementor-element elementor-element-48810be e-flex e-con-boxed e-con e-parent\" data-id=\"48810be\" data-element_type=\"container\" data-e-type=\"container\">\n\t\t\t\t\t<div class=\"e-con-inner\">\n\t\t<div class=\"elementor-element elementor-element-aea204f e-con-full e-flex e-con e-child\" data-id=\"aea204f\" data-element_type=\"container\" data-e-type=\"container\">\n\t\t<div class=\"elementor-element elementor-element-2319ff8 e-con-full e-flex e-con e-child\" data-id=\"2319ff8\" data-element_type=\"container\" data-e-type=\"container\">\n\t\t<div class=\"elementor-element elementor-element-27fb5c8 e-con-full e-flex e-con e-child\" data-id=\"27fb5c8\" data-element_type=\"container\" data-e-type=\"container\">\n\t\t\t\t<div class=\"elementor-element elementor-element-a24b0b0 elementor-widget elementor-widget-heading\" data-id=\"a24b0b0\" data-element_type=\"widget\" data-e-type=\"widget\" data-widget_type=\"heading.default\">\n\t\t\t\t<div class=\"elementor-widget-container\">\n\t\t\t\t\t<h2 class=\"elementor-heading-title elementor-size-default\">Mit dem Auto<\/h2>\t\t\t\t<\/div>\n\t\t\t\t<\/div>\n\t\t\t\t<div class=\"elementor-element elementor-element-7a19c5f elementor-widget elementor-widget-text-editor\" data-id=\"7a19c5f\" data-element_type=\"widget\" data-e-type=\"widget\" data-widget_type=\"text-editor.default\">\n\t\t\t\t<div class=\"elementor-widget-container\">\n\t\t\t\t\t\t\t\t\t<div class=\"j-block-text style__text rooms-model-4__short-description\">\n<p style=\"text-align: center;\">Auf der Simplon-Superstra\u00dfe nehmen Sie die Ausfahrt Crodo, fahren weiter nach Premia und biegen gleich nach der Apotheke rechts in den Weiler Crego ein, von hier aus fahren Sie in Richtung Alpe Aleccio, an der Schranke folgen Sie der Asphaltstra\u00dfe bis zur Abzweigung nach Maglioggio, wo sich das Dorf befindet.<\/p>\n<\/div>\n\t\t\t\t\t\t\t\t<\/div>\n\t\t\t\t<\/div>\n\t\t\t\t<\/div>\n\t\t<div class=\"elementor-element elementor-element-1a64432 e-con-full e-flex e-con e-child\" data-id=\"1a64432\" data-element_type=\"container\" data-e-type=\"container\">\n\t\t\t\t<div class=\"elementor-element elementor-element-27ef523 elementor-widget-tablet__width-inherit elementor-widget elementor-widget-image\" data-id=\"27ef523\" data-element_type=\"widget\" data-e-type=\"widget\" data-widget_type=\"image.default\">\n\t\t\t\t<div class=\"elementor-widget-container\">\n\t\t\t\t\t\t\t\t\t\t\t\t\t\t\t<img decoding=\"async\" width=\"768\" height=\"512\" src=\"https:\/\/staging.villaggiodeicrodini.it\/wp-content\/uploads\/2024\/04\/sdigtjbmuu5o59ewbam3.webp\" class=\"attachment-full size-full wp-image-1078\" alt=\"\" srcset=\"https:\/\/staging.villaggiodeicrodini.it\/wp-content\/uploads\/2024\/04\/sdigtjbmuu5o59ewbam3.webp 768w, https:\/\/staging.villaggiodeicrodini.it\/wp-content\/uploads\/2024\/04\/sdigtjbmuu5o59ewbam3-300x200.webp 300w, https:\/\/staging.villaggiodeicrodini.it\/wp-content\/uploads\/2024\/04\/sdigtjbmuu5o59ewbam3-600x400.webp 600w\" sizes=\"(max-width: 768px) 100vw, 768px\" \/>\t\t\t\t\t\t\t\t\t\t\t\t\t\t\t<\/div>\n\t\t\t\t<\/div>\n\t\t\t\t<\/div>\n\t\t\t\t<\/div>\n\t\t\t\t<\/div>\n\t\t\t\t\t<\/div>\n\t\t\t\t<\/div>\n\t\t<div class=\"elementor-element elementor-element-2cfb6b9 e-flex e-con-boxed e-con e-parent\" data-id=\"2cfb6b9\" data-element_type=\"container\" data-e-type=\"container\">\n\t\t\t\t\t<div class=\"e-con-inner\">\n\t\t<div class=\"elementor-element elementor-element-a70d3fd e-con-full e-flex e-con e-child\" data-id=\"a70d3fd\" data-element_type=\"container\" data-e-type=\"container\">\n\t\t<div class=\"elementor-element elementor-element-520329b e-con-full e-flex e-con e-child\" data-id=\"520329b\" data-element_type=\"container\" data-e-type=\"container\">\n\t\t<div class=\"elementor-element elementor-element-5a98414 e-con-full e-flex e-con e-child\" data-id=\"5a98414\" data-element_type=\"container\" data-e-type=\"container\">\n\t\t\t\t<div class=\"elementor-element elementor-element-ba7a9d7 elementor-widget-tablet__width-inherit elementor-widget elementor-widget-image\" data-id=\"ba7a9d7\" data-element_type=\"widget\" data-e-type=\"widget\" data-widget_type=\"image.default\">\n\t\t\t\t<div class=\"elementor-widget-container\">\n\t\t\t\t\t\t\t\t\t\t\t\t\t\t\t<img decoding=\"async\" width=\"768\" height=\"510\" src=\"https:\/\/staging.villaggiodeicrodini.it\/wp-content\/uploads\/2024\/04\/nqrgd8ue6agjhurrexoz.webp\" class=\"attachment-full size-full wp-image-1079\" alt=\"\" srcset=\"https:\/\/staging.villaggiodeicrodini.it\/wp-content\/uploads\/2024\/04\/nqrgd8ue6agjhurrexoz.webp 768w, https:\/\/staging.villaggiodeicrodini.it\/wp-content\/uploads\/2024\/04\/nqrgd8ue6agjhurrexoz-300x199.webp 300w, https:\/\/staging.villaggiodeicrodini.it\/wp-content\/uploads\/2024\/04\/nqrgd8ue6agjhurrexoz-600x398.webp 600w\" sizes=\"(max-width: 768px) 100vw, 768px\" \/>\t\t\t\t\t\t\t\t\t\t\t\t\t\t\t<\/div>\n\t\t\t\t<\/div>\n\t\t\t\t<\/div>\n\t\t<div class=\"elementor-element elementor-element-224619a e-con-full e-flex e-con e-child\" data-id=\"224619a\" data-element_type=\"container\" data-e-type=\"container\">\n\t\t\t\t<div class=\"elementor-element elementor-element-a5b0cba elementor-widget elementor-widget-heading\" data-id=\"a5b0cba\" data-element_type=\"widget\" data-e-type=\"widget\" data-widget_type=\"heading.default\">\n\t\t\t\t<div class=\"elementor-widget-container\">\n\t\t\t\t\t<h2 class=\"elementor-heading-title elementor-size-default\">Radfahren<\/h2>\t\t\t\t<\/div>\n\t\t\t\t<\/div>\n\t\t\t\t<div class=\"elementor-element elementor-element-5c8e0bb elementor-widget elementor-widget-text-editor\" data-id=\"5c8e0bb\" data-element_type=\"widget\" data-e-type=\"widget\" data-widget_type=\"text-editor.default\">\n\t\t\t\t<div class=\"elementor-widget-container\">\n\t\t\t\t\t\t\t\t\t<div class=\"j-block-text style__text rooms-model-4__short-description\">\n<p style=\"text-align: center;\">Wenn man Crodo erreicht, kann man entweder von der Ortschaft Maglioggio mit einem sehr steilen Anstieg bis zur Kreuzung mit Crego aufsteigen, oder man kann nach Premia fahren und von dort auf der Stra\u00dfe nach Crego bis zur Kreuzung mit Maglioggio weiterfahren, wo sich das Dorf befindet.<\/p>\n<\/div>\n\t\t\t\t\t\t\t\t<\/div>\n\t\t\t\t<\/div>\n\t\t\t\t<\/div>\n\t\t\t\t<\/div>\n\t\t\t\t<\/div>\n\t\t\t\t\t<\/div>\n\t\t\t\t<\/div>\n\t\t<div class=\"elementor-element elementor-element-fbbc9b0 e-con-full e-flex e-con e-parent\" data-id=\"fbbc9b0\" data-element_type=\"container\" data-e-type=\"container\">\n\t\t\t\t<div class=\"elementor-element elementor-element-091d32f elementor-widget elementor-widget-google_maps\" data-id=\"091d32f\" data-element_type=\"widget\" data-e-type=\"widget\" data-widget_type=\"google_maps.default\">\n\t\t\t\t<div class=\"elementor-widget-container\">\n\t\t\t\t\t\t\t<div class=\"elementor-custom-embed\">\n\t\t\t<iframe loading=\"lazy\"\n\t\t\t\t\tsrc=\"https:\/\/maps.google.com\/maps?q=Arvenolo%20%2028862%20-%20Crodo%20%28VB%29&#038;t=m&#038;z=14&#038;output=embed&#038;iwloc=near\"\n\t\t\t\t\ttitle=\"Arvenolo  28862 - Crodo (VB)\"\n\t\t\t\t\taria-label=\"Arvenolo  28862 - Crodo (VB)\"\n\t\t\t><\/iframe>\n\t\t<\/div>\n\t\t\t\t\t\t<\/div>\n\t\t\t\t<\/div>\n\t\t\t\t<\/div>\n\t\t\t\t<\/div>\n\t\t","protected":false},"excerpt":{"rendered":"<p>Leicht zu erreichen Das Dorf Crodini ist von Mailand und den angrenzenden Provinzen aus leicht zu erreichen: Nehmen Sie die Autobahn Milano Laghi in Richtung Lago Maggiore und fahren Sie weiter in Richtung Domodossola, wo Sie die Ausfahrt Crodo nehmen. Von Europa aus fahren Sie \u00fcber den Simplonpass und nehmen die Ausfahrt nach Crodo. Nach [&hellip;]<\/p>\n","protected":false},"author":1,"featured_media":0,"parent":0,"menu_order":0,"comment_status":"closed","ping_status":"closed","template":"","meta":{"footnotes":""},"class_list":["post-1930","page","type-page","status-publish","hentry"],"_links":{"self":[{"href":"https:\/\/staging.villaggiodeicrodini.it\/de\/wp-json\/wp\/v2\/pages\/1930","targetHints":{"allow":["GET"]}}],"collection":[{"href":"https:\/\/staging.villaggiodeicrodini.it\/de\/wp-json\/wp\/v2\/pages"}],"about":[{"href":"https:\/\/staging.villaggiodeicrodini.it\/de\/wp-json\/wp\/v2\/types\/page"}],"author":[{"embeddable":true,"href":"https:\/\/staging.villaggiodeicrodini.it\/de\/wp-json\/wp\/v2\/users\/1"}],"replies":[{"embeddable":true,"href":"https:\/\/staging.villaggiodeicrodini.it\/de\/wp-json\/wp\/v2\/comments?post=1930"}],"version-history":[{"count":7,"href":"https:\/\/staging.villaggiodeicrodini.it\/de\/wp-json\/wp\/v2\/pages\/1930\/revisions"}],"predecessor-version":[{"id":3100,"href":"https:\/\/staging.villaggiodeicrodini.it\/de\/wp-json\/wp\/v2\/pages\/1930\/revisions\/3100"}],"wp:attachment":[{"href":"https:\/\/staging.villaggiodeicrodini.it\/de\/wp-json\/wp\/v2\/media?parent=1930"}],"curies":[{"name":"wp","href":"https:\/\/api.w.org\/{rel}","templated":true}]}}