{"id":1920,"date":"2024-04-05T15:35:39","date_gmt":"2024-04-05T15:35:39","guid":{"rendered":"https:\/\/staging.villaggiodeicrodini.it\/zum-spass\/"},"modified":"2024-04-17T16:52:18","modified_gmt":"2024-04-17T16:52:18","slug":"zum-spass","status":"publish","type":"page","link":"https:\/\/staging.villaggiodeicrodini.it\/de\/zum-spass\/","title":{"rendered":"Zum Spa\u00df"},"content":{"rendered":"\t\t<div data-elementor-type=\"wp-page\" data-elementor-id=\"1920\" class=\"elementor elementor-1920 elementor-510\" data-elementor-post-type=\"page\">\n\t\t\t\t<div class=\"elementor-element elementor-element-5b1ca01 e-con-full e-flex e-con e-parent\" data-id=\"5b1ca01\" data-element_type=\"container\" data-e-type=\"container\">\n\t\t<div class=\"elementor-element elementor-element-af22c1e e-con-full e-flex e-con e-child\" data-id=\"af22c1e\" data-element_type=\"container\" data-e-type=\"container\" data-settings=\"{&quot;background_background&quot;:&quot;slideshow&quot;,&quot;background_slideshow_gallery&quot;:[{&quot;id&quot;:981,&quot;url&quot;:&quot;https:\\\/\\\/staging.villaggiodeicrodini.it\\\/wp-content\\\/uploads\\\/2024\\\/04\\\/carmcutz0ok8ywmxg6kk.jpg&quot;}],&quot;background_slideshow_loop&quot;:&quot;yes&quot;,&quot;background_slideshow_slide_duration&quot;:5000,&quot;background_slideshow_slide_transition&quot;:&quot;fade&quot;,&quot;background_slideshow_transition_duration&quot;:500}\">\n\t\t\t\t<\/div>\n\t\t<div class=\"elementor-element elementor-element-1427e65 e-flex e-con-boxed e-con e-child\" data-id=\"1427e65\" data-element_type=\"container\" data-e-type=\"container\">\n\t\t\t\t\t<div class=\"e-con-inner\">\n\t\t\t\t<div class=\"elementor-element elementor-element-766eff5 elementor-widget elementor-widget-heading\" data-id=\"766eff5\" data-element_type=\"widget\" data-e-type=\"widget\" data-widget_type=\"heading.default\">\n\t\t\t\t<div class=\"elementor-widget-container\">\n\t\t\t\t\t<h2 class=\"elementor-heading-title elementor-size-default\">Zum Spa\u00df<\/h2>\t\t\t\t<\/div>\n\t\t\t\t<\/div>\n\t\t\t\t<div class=\"elementor-element elementor-element-64b4fc0 elementor-widget elementor-widget-text-editor\" data-id=\"64b4fc0\" data-element_type=\"widget\" data-e-type=\"widget\" data-widget_type=\"text-editor.default\">\n\t\t\t\t<div class=\"elementor-widget-container\">\n\t\t\t\t\t\t\t\t\t<p>Im Mittelpunkt steht die Natur. Dank der au\u00dfergew\u00f6hnlichen Orte gibt es in der N\u00e4he des Dorfes viele M\u00f6glichkeiten f\u00fcr Aktivit\u00e4ten:<br \/> sei es zu Fu\u00df, mit dem Fahrrad oder mit dem Auto, um weiter entfernte Ziele zu erreichen.<\/p>\n\t\t\t\t\t\t\t\t<\/div>\n\t\t\t\t<\/div>\n\t\t\t\t\t<\/div>\n\t\t\t\t<\/div>\n\t\t\t\t<\/div>\n\t\t<div class=\"elementor-element elementor-element-8526833 e-flex e-con-boxed e-con e-parent\" data-id=\"8526833\" data-element_type=\"container\" data-e-type=\"container\">\n\t\t\t\t\t<div class=\"e-con-inner\">\n\t\t<div class=\"elementor-element elementor-element-bf331ef e-con-full e-flex e-con e-child\" data-id=\"bf331ef\" data-element_type=\"container\" data-e-type=\"container\">\n\t\t<div class=\"elementor-element elementor-element-5164ad5 e-con-full e-flex e-con e-child\" data-id=\"5164ad5\" data-element_type=\"container\" data-e-type=\"container\">\n\t\t\t\t<div class=\"elementor-element elementor-element-2345229 elementor-widget-tablet__width-inherit elementor-widget elementor-widget-image\" data-id=\"2345229\" data-element_type=\"widget\" data-e-type=\"widget\" data-widget_type=\"image.default\">\n\t\t\t\t<div class=\"elementor-widget-container\">\n\t\t\t\t\t\t\t\t\t\t\t\t\t\t\t<img fetchpriority=\"high\" decoding=\"async\" width=\"422\" height=\"600\" src=\"https:\/\/staging.villaggiodeicrodini.it\/wp-content\/uploads\/2024\/04\/qslugwgwbs5udpsfpv5a.jpg\" class=\"attachment-full size-full wp-image-988\" alt=\"\" srcset=\"https:\/\/staging.villaggiodeicrodini.it\/wp-content\/uploads\/2024\/04\/qslugwgwbs5udpsfpv5a.jpg 422w, https:\/\/staging.villaggiodeicrodini.it\/wp-content\/uploads\/2024\/04\/qslugwgwbs5udpsfpv5a-211x300.jpg 211w\" sizes=\"(max-width: 422px) 100vw, 422px\" \/>\t\t\t\t\t\t\t\t\t\t\t\t\t\t\t<\/div>\n\t\t\t\t<\/div>\n\t\t\t\t<\/div>\n\t\t<div class=\"elementor-element elementor-element-2fc8e48 e-con-full e-flex e-con e-child\" data-id=\"2fc8e48\" data-element_type=\"container\" data-e-type=\"container\">\n\t\t\t\t<div class=\"elementor-element elementor-element-53d3b28 elementor-widget elementor-widget-heading\" data-id=\"53d3b28\" data-element_type=\"widget\" data-e-type=\"widget\" data-widget_type=\"heading.default\">\n\t\t\t\t<div class=\"elementor-widget-container\">\n\t\t\t\t\t<h2 class=\"elementor-heading-title elementor-size-default\">1. Radtourismus<\/h2>\t\t\t\t<\/div>\n\t\t\t\t<\/div>\n\t\t\t\t<div class=\"elementor-element elementor-element-eb3bc95 elementor-widget elementor-widget-text-editor\" data-id=\"eb3bc95\" data-element_type=\"widget\" data-e-type=\"widget\" data-widget_type=\"text-editor.default\">\n\t\t\t\t<div class=\"elementor-widget-container\">\n\t\t\t\t\t\t\t\t\t<div class=\"j-block-text style__text rooms-model-4__short-description\">\n<p style=\"text-align: left;\">E-Bike? Mountainbikes? oder Rennr\u00e4der k\u00f6nnen im ganzen Tal auf Stra\u00dfen aller Art und Schwierigkeit gefahren werden. Bikes k\u00f6nnen in der nahe gelegenen Locanda del sasso in Maglioggio und in Crodo gemietet werden.<\/p>\n<\/div>\n\t\t\t\t\t\t\t\t<\/div>\n\t\t\t\t<\/div>\n\t\t\t\t<\/div>\n\t\t<div class=\"elementor-element elementor-element-ae9edaf e-con-full e-flex e-con e-child\" data-id=\"ae9edaf\" data-element_type=\"container\" data-e-type=\"container\">\n\t\t\t\t<div class=\"elementor-element elementor-element-d9a7e28 elementor-widget elementor-widget-image\" data-id=\"d9a7e28\" data-element_type=\"widget\" data-e-type=\"widget\" data-widget_type=\"image.default\">\n\t\t\t\t<div class=\"elementor-widget-container\">\n\t\t\t\t\t\t\t\t\t\t\t\t\t\t\t<img decoding=\"async\" width=\"1067\" height=\"600\" src=\"https:\/\/staging.villaggiodeicrodini.it\/wp-content\/uploads\/2024\/04\/fyvz9nmzgjjc5zofeybi.jpg\" class=\"attachment-full size-full wp-image-989\" alt=\"\" srcset=\"https:\/\/staging.villaggiodeicrodini.it\/wp-content\/uploads\/2024\/04\/fyvz9nmzgjjc5zofeybi.jpg 1067w, https:\/\/staging.villaggiodeicrodini.it\/wp-content\/uploads\/2024\/04\/fyvz9nmzgjjc5zofeybi-300x169.jpg 300w, https:\/\/staging.villaggiodeicrodini.it\/wp-content\/uploads\/2024\/04\/fyvz9nmzgjjc5zofeybi-1024x576.jpg 1024w, https:\/\/staging.villaggiodeicrodini.it\/wp-content\/uploads\/2024\/04\/fyvz9nmzgjjc5zofeybi-768x432.jpg 768w, https:\/\/staging.villaggiodeicrodini.it\/wp-content\/uploads\/2024\/04\/fyvz9nmzgjjc5zofeybi-600x337.jpg 600w\" sizes=\"(max-width: 1067px) 100vw, 1067px\" \/>\t\t\t\t\t\t\t\t\t\t\t\t\t\t\t<\/div>\n\t\t\t\t<\/div>\n\t\t\t\t<\/div>\n\t\t<div class=\"elementor-element elementor-element-7a1f8a6 e-con-full e-flex e-con e-child\" data-id=\"7a1f8a6\" data-element_type=\"container\" data-e-type=\"container\">\n\t\t\t\t<div class=\"elementor-element elementor-element-3a502f2 elementor-widget elementor-widget-heading\" data-id=\"3a502f2\" data-element_type=\"widget\" data-e-type=\"widget\" data-widget_type=\"heading.default\">\n\t\t\t\t<div class=\"elementor-widget-container\">\n\t\t\t\t\t<h2 class=\"elementor-heading-title elementor-size-default\">\n2. Einkaufen<\/h2>\t\t\t\t<\/div>\n\t\t\t\t<\/div>\n\t\t\t\t<div class=\"elementor-element elementor-element-07781a8 elementor-widget elementor-widget-text-editor\" data-id=\"07781a8\" data-element_type=\"widget\" data-e-type=\"widget\" data-widget_type=\"text-editor.default\">\n\t\t\t\t<div class=\"elementor-widget-container\">\n\t\t\t\t\t\t\t\t\t<p style=\"text-align: left;\">In Domodossola ist der Marktplatz ein bezaubernder Ort, um in altmodischen Gesch\u00e4ften einzukaufen. Am Samstagmorgen belebt der Markt alle Stra\u00dfen des Zentrums und man kann K\u00f6stlichkeiten aus dem ganzen Tal finden und probieren.<\/p>\n\t\t\t\t\t\t\t\t<\/div>\n\t\t\t\t<\/div>\n\t\t\t\t<\/div>\n\t\t\t\t<\/div>\n\t\t\t\t\t<\/div>\n\t\t\t\t<\/div>\n\t\t<div class=\"elementor-element elementor-element-05add9c invertiol-mobile e-flex e-con-boxed e-con e-parent\" data-id=\"05add9c\" data-element_type=\"container\" data-e-type=\"container\">\n\t\t\t\t\t<div class=\"e-con-inner\">\n\t\t<div class=\"elementor-element elementor-element-e846414 e-con-full e-flex e-con e-child\" data-id=\"e846414\" data-element_type=\"container\" data-e-type=\"container\">\n\t\t<div class=\"elementor-element elementor-element-8c85cef e-con-full e-flex e-con e-child\" data-id=\"8c85cef\" data-element_type=\"container\" data-e-type=\"container\">\n\t\t\t\t<div class=\"elementor-element elementor-element-3cb394f elementor-widget elementor-widget-heading\" data-id=\"3cb394f\" data-element_type=\"widget\" data-e-type=\"widget\" data-widget_type=\"heading.default\">\n\t\t\t\t<div class=\"elementor-widget-container\">\n\t\t\t\t\t<h2 class=\"elementor-heading-title elementor-size-default\">\n3. Skibergsteigen<\/h2>\t\t\t\t<\/div>\n\t\t\t\t<\/div>\n\t\t\t\t<div class=\"elementor-element elementor-element-df02bed elementor-widget elementor-widget-text-editor\" data-id=\"df02bed\" data-element_type=\"widget\" data-e-type=\"widget\" data-widget_type=\"text-editor.default\">\n\t\t\t\t<div class=\"elementor-widget-container\">\n\t\t\t\t\t\t\t\t\t<div class=\"j-block-text style__text rooms-model-4__short-description\">\n<p style=\"text-align: left;\">Oberhalb des Dorfes, auf der Aleccio-Alm, ist es leicht, Schnee zu finden und Bergsteigen zu betreiben, w\u00e4hrend man im Val Formazza und auf der Devero-Alm auch Langlauf und Nordic Skiing betreiben kann.<\/p>\n<\/div>\n\t\t\t\t\t\t\t\t<\/div>\n\t\t\t\t<\/div>\n\t\t\t\t<\/div>\n\t\t<div class=\"elementor-element elementor-element-8cae72d e-con-full e-flex e-con e-child\" data-id=\"8cae72d\" data-element_type=\"container\" data-e-type=\"container\">\n\t\t\t\t<div class=\"elementor-element elementor-element-f788530 elementor-widget elementor-widget-image\" data-id=\"f788530\" data-element_type=\"widget\" data-e-type=\"widget\" data-widget_type=\"image.default\">\n\t\t\t\t<div class=\"elementor-widget-container\">\n\t\t\t\t\t\t\t\t\t\t\t\t\t\t\t<img decoding=\"async\" width=\"900\" height=\"600\" src=\"https:\/\/staging.villaggiodeicrodini.it\/wp-content\/uploads\/2024\/04\/ik77jlqgkjzfvjnnig0m.jpg\" class=\"attachment-full size-full wp-image-999\" alt=\"\" srcset=\"https:\/\/staging.villaggiodeicrodini.it\/wp-content\/uploads\/2024\/04\/ik77jlqgkjzfvjnnig0m.jpg 900w, https:\/\/staging.villaggiodeicrodini.it\/wp-content\/uploads\/2024\/04\/ik77jlqgkjzfvjnnig0m-300x200.jpg 300w, https:\/\/staging.villaggiodeicrodini.it\/wp-content\/uploads\/2024\/04\/ik77jlqgkjzfvjnnig0m-768x512.jpg 768w, https:\/\/staging.villaggiodeicrodini.it\/wp-content\/uploads\/2024\/04\/ik77jlqgkjzfvjnnig0m-600x400.jpg 600w\" sizes=\"(max-width: 900px) 100vw, 900px\" \/>\t\t\t\t\t\t\t\t\t\t\t\t\t\t\t<\/div>\n\t\t\t\t<\/div>\n\t\t\t\t<\/div>\n\t\t<div class=\"elementor-element elementor-element-2f1762c e-con-full invertiol-mobile e-flex e-con e-child\" data-id=\"2f1762c\" data-element_type=\"container\" data-e-type=\"container\">\n\t\t\t\t<div class=\"elementor-element elementor-element-f958aa4 elementor-widget elementor-widget-heading\" data-id=\"f958aa4\" data-element_type=\"widget\" data-e-type=\"widget\" data-widget_type=\"heading.default\">\n\t\t\t\t<div class=\"elementor-widget-container\">\n\t\t\t\t\t<h2 class=\"elementor-heading-title elementor-size-default\">4. Klettern<\/h2>\t\t\t\t<\/div>\n\t\t\t\t<\/div>\n\t\t\t\t<div class=\"elementor-element elementor-element-84cb60a elementor-widget elementor-widget-text-editor\" data-id=\"84cb60a\" data-element_type=\"widget\" data-e-type=\"widget\" data-widget_type=\"text-editor.default\">\n\t\t\t\t<div class=\"elementor-widget-container\">\n\t\t\t\t\t\t\t\t\t<p style=\"text-align: left;\">Die gut ausgestatteten und gepflegten Felsw\u00e4nde werden von Touristen aus dem ganzen Kontinent besucht. Die bekanntesten sind Balmafredda und Cadarese, die nur wenige Minuten vom Dorf entfernt sind.<\/p>\n\t\t\t\t\t\t\t\t<\/div>\n\t\t\t\t<\/div>\n\t\t\t\t<\/div>\n\t\t<div class=\"elementor-element elementor-element-3ada87a e-con-full e-flex e-con e-child\" data-id=\"3ada87a\" data-element_type=\"container\" data-e-type=\"container\">\n\t\t\t\t<div class=\"elementor-element elementor-element-cbf1ca3 elementor-widget elementor-widget-image\" data-id=\"cbf1ca3\" data-element_type=\"widget\" data-e-type=\"widget\" data-widget_type=\"image.default\">\n\t\t\t\t<div class=\"elementor-widget-container\">\n\t\t\t\t\t\t\t\t\t\t\t\t\t\t\t<img loading=\"lazy\" decoding=\"async\" width=\"400\" height=\"600\" src=\"https:\/\/staging.villaggiodeicrodini.it\/wp-content\/uploads\/2024\/04\/ln7yi54mnjrrllyrog2x.jpg\" class=\"attachment-full size-full wp-image-1000\" alt=\"\" srcset=\"https:\/\/staging.villaggiodeicrodini.it\/wp-content\/uploads\/2024\/04\/ln7yi54mnjrrllyrog2x.jpg 400w, https:\/\/staging.villaggiodeicrodini.it\/wp-content\/uploads\/2024\/04\/ln7yi54mnjrrllyrog2x-200x300.jpg 200w\" sizes=\"(max-width: 400px) 100vw, 400px\" \/>\t\t\t\t\t\t\t\t\t\t\t\t\t\t\t<\/div>\n\t\t\t\t<\/div>\n\t\t\t\t<\/div>\n\t\t\t\t<\/div>\n\t\t\t\t\t<\/div>\n\t\t\t\t<\/div>\n\t\t<div class=\"elementor-element elementor-element-f5c49d5 e-flex e-con-boxed e-con e-parent\" data-id=\"f5c49d5\" data-element_type=\"container\" data-e-type=\"container\">\n\t\t\t\t\t<div class=\"e-con-inner\">\n\t\t<div class=\"elementor-element elementor-element-5a53896 e-con-full e-flex e-con e-child\" data-id=\"5a53896\" data-element_type=\"container\" data-e-type=\"container\">\n\t\t<div class=\"elementor-element elementor-element-68b1045 e-con-full e-flex e-con e-child\" data-id=\"68b1045\" data-element_type=\"container\" data-e-type=\"container\">\n\t\t<div class=\"elementor-element elementor-element-002dee6 e-con-full e-flex e-con e-child\" data-id=\"002dee6\" data-element_type=\"container\" data-e-type=\"container\">\n\t\t\t\t<div class=\"elementor-element elementor-element-c70cc95 elementor-widget elementor-widget-image\" data-id=\"c70cc95\" data-element_type=\"widget\" data-e-type=\"widget\" data-widget_type=\"image.default\">\n\t\t\t\t<div class=\"elementor-widget-container\">\n\t\t\t\t\t\t\t\t\t\t\t\t\t\t\t<img loading=\"lazy\" decoding=\"async\" width=\"900\" height=\"600\" src=\"https:\/\/staging.villaggiodeicrodini.it\/wp-content\/uploads\/2024\/04\/ksccy92kn2dvw3kedwat.jpg\" class=\"attachment-full size-full wp-image-1016\" alt=\"\" srcset=\"https:\/\/staging.villaggiodeicrodini.it\/wp-content\/uploads\/2024\/04\/ksccy92kn2dvw3kedwat.jpg 900w, https:\/\/staging.villaggiodeicrodini.it\/wp-content\/uploads\/2024\/04\/ksccy92kn2dvw3kedwat-300x200.jpg 300w, https:\/\/staging.villaggiodeicrodini.it\/wp-content\/uploads\/2024\/04\/ksccy92kn2dvw3kedwat-768x512.jpg 768w, https:\/\/staging.villaggiodeicrodini.it\/wp-content\/uploads\/2024\/04\/ksccy92kn2dvw3kedwat-600x400.jpg 600w\" sizes=\"(max-width: 900px) 100vw, 900px\" \/>\t\t\t\t\t\t\t\t\t\t\t\t\t\t\t<\/div>\n\t\t\t\t<\/div>\n\t\t\t\t<\/div>\n\t\t<div class=\"elementor-element elementor-element-eb80d65 e-con-full e-flex e-con e-child\" data-id=\"eb80d65\" data-element_type=\"container\" data-e-type=\"container\">\n\t\t\t\t<div class=\"elementor-element elementor-element-50a488f elementor-widget elementor-widget-heading\" data-id=\"50a488f\" data-element_type=\"widget\" data-e-type=\"widget\" data-widget_type=\"heading.default\">\n\t\t\t\t<div class=\"elementor-widget-container\">\n\t\t\t\t\t<h2 class=\"elementor-heading-title elementor-size-default\">5. Thermische Aush\u00e4rtung<\/h2>\t\t\t\t<\/div>\n\t\t\t\t<\/div>\n\t\t\t\t<div class=\"elementor-element elementor-element-e04b88b elementor-widget elementor-widget-text-editor\" data-id=\"e04b88b\" data-element_type=\"widget\" data-e-type=\"widget\" data-widget_type=\"text-editor.default\">\n\t\t\t\t<div class=\"elementor-widget-container\">\n\t\t\t\t\t\t\t\t\t<div class=\"j-block-text style__text rooms-model-4__short-description\">\n<p style=\"text-align: left;\">Der Ruf der Terme di Premia gewinnt immer mehr Menschen, hier kann man auch Behandlungen durch den Nationalen Gesundheitsdienst genie\u00dfen und sich in den gro\u00dfen Au\u00dfenpools vergn\u00fcgen.<\/p>\n<\/div>\n\t\t\t\t\t\t\t\t<\/div>\n\t\t\t\t<\/div>\n\t\t\t\t<\/div>\n\t\t<div class=\"elementor-element elementor-element-149da34 e-con-full e-flex e-con e-child\" data-id=\"149da34\" data-element_type=\"container\" data-e-type=\"container\">\n\t\t\t\t<div class=\"elementor-element elementor-element-62f2f12 elementor-widget elementor-widget-image\" data-id=\"62f2f12\" data-element_type=\"widget\" data-e-type=\"widget\" data-widget_type=\"image.default\">\n\t\t\t\t<div class=\"elementor-widget-container\">\n\t\t\t\t\t\t\t\t\t\t\t\t\t\t\t<img loading=\"lazy\" decoding=\"async\" width=\"900\" height=\"600\" src=\"https:\/\/staging.villaggiodeicrodini.it\/wp-content\/uploads\/2024\/04\/dmar343f1ona0k4fhpl1.jpg\" class=\"attachment-full size-full wp-image-1017\" alt=\"\" srcset=\"https:\/\/staging.villaggiodeicrodini.it\/wp-content\/uploads\/2024\/04\/dmar343f1ona0k4fhpl1.jpg 900w, https:\/\/staging.villaggiodeicrodini.it\/wp-content\/uploads\/2024\/04\/dmar343f1ona0k4fhpl1-300x200.jpg 300w, https:\/\/staging.villaggiodeicrodini.it\/wp-content\/uploads\/2024\/04\/dmar343f1ona0k4fhpl1-768x512.jpg 768w, https:\/\/staging.villaggiodeicrodini.it\/wp-content\/uploads\/2024\/04\/dmar343f1ona0k4fhpl1-600x400.jpg 600w\" sizes=\"(max-width: 900px) 100vw, 900px\" \/>\t\t\t\t\t\t\t\t\t\t\t\t\t\t\t<\/div>\n\t\t\t\t<\/div>\n\t\t\t\t<\/div>\n\t\t<div class=\"elementor-element elementor-element-4f38fe7 e-con-full e-flex e-con e-child\" data-id=\"4f38fe7\" data-element_type=\"container\" data-e-type=\"container\">\n\t\t\t\t<div class=\"elementor-element elementor-element-d8d9dbe elementor-widget elementor-widget-heading\" data-id=\"d8d9dbe\" data-element_type=\"widget\" data-e-type=\"widget\" data-widget_type=\"heading.default\">\n\t\t\t\t<div class=\"elementor-widget-container\">\n\t\t\t\t\t<h2 class=\"elementor-heading-title elementor-size-default\">6. Exkursionen<\/h2>\t\t\t\t<\/div>\n\t\t\t\t<\/div>\n\t\t\t\t<div class=\"elementor-element elementor-element-7afdd7d elementor-widget elementor-widget-text-editor\" data-id=\"7afdd7d\" data-element_type=\"widget\" data-e-type=\"widget\" data-widget_type=\"text-editor.default\">\n\t\t\t\t<div class=\"elementor-widget-container\">\n\t\t\t\t\t\t\t\t\t<p style=\"text-align: left;\">Wie viele Ausfl\u00fcge k\u00f6nnen direkt aus dem Dorf mit verschiedenen Zielen gemacht werden, oder w\u00e4hlen Sie andere in der nahe gelegenen Alpe Devero gemacht werden.<\/p>\n\t\t\t\t\t\t\t\t<\/div>\n\t\t\t\t<\/div>\n\t\t\t\t<\/div>\n\t\t\t\t<\/div>\n\t\t\t\t<\/div>\n\t\t\t\t\t<\/div>\n\t\t\t\t<\/div>\n\t\t\t\t<\/div>\n\t\t","protected":false},"excerpt":{"rendered":"<p>Zum Spa\u00df Im Mittelpunkt steht die Natur. Dank der au\u00dfergew\u00f6hnlichen Orte gibt es in der N\u00e4he des Dorfes viele M\u00f6glichkeiten f\u00fcr Aktivit\u00e4ten: sei es zu Fu\u00df, mit dem Fahrrad oder mit dem Auto, um weiter entfernte Ziele zu erreichen. 1. Radtourismus E-Bike? Mountainbikes? oder Rennr\u00e4der k\u00f6nnen im ganzen Tal auf Stra\u00dfen aller Art und Schwierigkeit [&hellip;]<\/p>\n","protected":false},"author":1,"featured_media":0,"parent":0,"menu_order":0,"comment_status":"closed","ping_status":"closed","template":"","meta":{"footnotes":""},"class_list":["post-1920","page","type-page","status-publish","hentry"],"_links":{"self":[{"href":"https:\/\/staging.villaggiodeicrodini.it\/de\/wp-json\/wp\/v2\/pages\/1920","targetHints":{"allow":["GET"]}}],"collection":[{"href":"https:\/\/staging.villaggiodeicrodini.it\/de\/wp-json\/wp\/v2\/pages"}],"about":[{"href":"https:\/\/staging.villaggiodeicrodini.it\/de\/wp-json\/wp\/v2\/types\/page"}],"author":[{"embeddable":true,"href":"https:\/\/staging.villaggiodeicrodini.it\/de\/wp-json\/wp\/v2\/users\/1"}],"replies":[{"embeddable":true,"href":"https:\/\/staging.villaggiodeicrodini.it\/de\/wp-json\/wp\/v2\/comments?post=1920"}],"version-history":[{"count":10,"href":"https:\/\/staging.villaggiodeicrodini.it\/de\/wp-json\/wp\/v2\/pages\/1920\/revisions"}],"predecessor-version":[{"id":3094,"href":"https:\/\/staging.villaggiodeicrodini.it\/de\/wp-json\/wp\/v2\/pages\/1920\/revisions\/3094"}],"wp:attachment":[{"href":"https:\/\/staging.villaggiodeicrodini.it\/de\/wp-json\/wp\/v2\/media?parent=1920"}],"curies":[{"name":"wp","href":"https:\/\/api.w.org\/{rel}","templated":true}]}}